{"id":40096,"date":"2022-12-30T12:46:00","date_gmt":"2022-12-30T09:46:00","guid":{"rendered":"https:\/\/tabi.ee\/toode\/ffuuss-elektrilised-katekuivatid-one-essential\/"},"modified":"2022-12-30T13:25:46","modified_gmt":"2022-12-30T10:25:46","slug":"ffuuss-elektrilised-katekuivatid-one-essential","status":"publish","type":"product","link":"https:\/\/tabi.ee\/fi\/toode\/ffuuss-elektrilised-katekuivatid-one-essential\/","title":{"rendered":"ffuuss s\u00e4hk\u00f6iset k\u00e4sienkuivaajat ONE Essential"},"content":{"rendered":"<h1>ffuuss s\u00e4hk\u00f6iset k\u00e4sienkuivaajat ONE Essential<\/h1>\n<p>S\u00e4hk\u00f6k\u00e4ytt\u00f6iset k\u00e4sienkuivaajat ffuuss eiv\u00e4t ole vain kuivausrumpuja, ne ovat jotain paljon enemm\u00e4n.<\/p>\n<p>fuuss\u2122-tuotteet on suunniteltu tarjoamaan k\u00e4ytt\u00e4j\u00e4lle hyv\u00e4 k\u00e4ytt\u00f6kokemus ja palvelu. Tuote t\u00e4ytt\u00e4\u00e4 tekniikan korkeimmat standardit tehd\u00e4kseen pesutiloista turvallisempia ja mukavampia, samalla kun huolehditaan hygieniasta ja terveydest\u00e4.<\/p>\n<p>S\u00e4hk\u00f6k\u00e4ytt\u00f6iset k\u00e4sienkuivaajat sopivat ostoskeskuksiin, lentokentille, ravintoloihin, kouluihin, kuntosaleihin, hotelleihin ja my\u00f6s koteihin. ffuuss\u2122 takaa sinulle erinomaisen hygienian, kest\u00e4vyyden ja mukavuuden miss\u00e4 tahansa ymp\u00e4rist\u00f6ss\u00e4.<\/p>\n<p>ffuuss Efficient Washroom System on \u00e4lyk\u00e4s Bluetooth-ratkaisu, joka tarjoaa innovaatiota, muotoilua ja teknologiaa, joka muuttaa kylpyhuonekokemuksen ja tekee siit\u00e4 ainutlaatuisen ja erilaisen. Tiedot ja tiedot saapuvat puhelimeesi reaaliajassa.<\/p>\n<p>N\u00e4in voit suunnitella siivouksen ja huollon tarpeidesi mukaan.<\/p>\n<p><strong>K\u00e4sienkuivain ffuuss one<\/strong><\/p>\n<p>H\u00e4mm\u00e4stytt\u00e4v\u00e4n tyylik\u00e4s muotoilu, hyv\u00e4 kustannuss\u00e4\u00e4st\u00f6teho, k\u00e4tev\u00e4 koko.<\/p>\n<p>3 s\u00e4vy\u00e4 &#8211; valkoinen, harmaa, musta<br \/>\nKiilt\u00e4v\u00e4 viimeistely<br \/>\nSuodattaa<br \/>\nVarustettu logolla<br \/>\nBluetooth &#8211; integraatio alustan Efficient Washroom System kanssa &#8211; tiedot ja tiedot saavuttavat puhelimesi reaaliajassa<br \/>\nL\u00e4heisyysanturi &#8211; anturi<br \/>\nLED-h\u00e4lytysj\u00e4rjestelm\u00e4 vian havaitsemiseen ja diagnosointiin<br \/>\nKaksinkertainen ulostulo<br \/>\nValmistettu ekologisesta muovista<br \/>\nS\u00e4\u00e4st\u00e4 85 % energiankulutuksesta edistyneen moottoritekniikan ansiosta<br \/>\nVastuullinen tuotanto. Pieni\u00e4 m\u00e4\u00e4ri\u00e4 tuotetaan liiallisen s\u00e4hk\u00f6nkulutuksen v\u00e4ltt\u00e4miseksi sek\u00e4 ylituotannon ja suurien varastojen v\u00e4ltt\u00e4miseksi.<br \/>\nROHS &#8211; ffuuss valvoo direktiivi\u00e4, jossa m\u00e4\u00e4r\u00e4t\u00e4\u00e4n elektroniikkateollisuuden vaarallisten aineiden rajoituksista. Ei k\u00e4ytet\u00e4 kadmiumia, lyijy\u00e4, elohopeaa tai muita vaarallisia alkuaineita<\/p>\n<p>K\u00e4sien kuivumisaika noin 13-15 sekuntia.<\/p>\n<p>108 aukkoa on hajautettu, mink\u00e4 ansiosta s\u00e4hk\u00f6nkulutus on kilpailijoiden tuotteita pienempi. Et tunne painetta yhdest\u00e4 paikasta, mutta k\u00e4tt\u00e4si hierotaan eri kohdissa samaan aikaan. Lis\u00e4ksi on led-valo, joka vaihtaa v\u00e4ri\u00e4 k\u00e4yt\u00f6n aikana.<\/p>\n<p>Ilmavirta: jopa 73 l\/s (19,3 gal\/s)<br \/>\nMelutaso: 74 dB<br \/>\nValmiustila: 1W<br \/>\nT\u00e4ytt\u00e4\u00e4 ROHS-direktiivin<br \/>\nVeden tunkeutumissuojaus: IPX2<br \/>\nNettopaino: 7,7 kg<br \/>\nMitat: 690mm \/ 360mm \/ 285mm<\/p>\n<p><iframe loading=\"lazy\" title=\"ffuuss one Hand Dryer: washroom solutions by ffuuss\" width=\"1080\" height=\"608\" src=\"https:\/\/www.youtube.com\/embed\/vLgvlnZiNzo?feature=oembed\"  allow=\"accelerometer; autoplay; clipboard-write; encrypted-media; gyroscope; picture-in-picture; web-share\" referrerpolicy=\"strict-origin-when-cross-origin\" allowfullscreen><\/iframe><\/p>\n<ul>\n<li><strong>95 % s\u00e4\u00e4st\u00f6\u00e4 paperipyyhkeisiin verrattuna<\/strong><\/li>\n<li><strong>S\u00e4\u00e4st\u00e4t j\u00e4tteenk\u00e4sittelykustannuksissa<\/strong><\/li>\n<li><strong>K\u00e4sienkuivaajia ei tarvitse t\u00e4ytt\u00e4\u00e4 paperilla joka p\u00e4iv\u00e4!<\/strong><\/li>\n<\/ul>\n<p><a href=\"https:\/\/tabi.ee\/wp-content\/uploads\/2022\/04\/Aasta-kulu-200-kasutuskorda-paevas.png\"><img loading=\"lazy\" decoding=\"async\" class=\"alignnone size-medium wp-image-31933\" src=\"https:\/\/tabi.ee\/wp-content\/uploads\/2022\/04\/Aasta-kulu-200-kasutuskorda-paevas-300x199.png\" alt=\"elektriline k\u00e4tekuivati vs paberr\u00e4tikud\" width=\"300\" height=\"199\" \/><\/a><\/p>\n<p>Toimitusaika: 2-3 viikkoa<br \/>\n4-6 viikkoa henkil\u00f6kohtaisella logolla<\/p>\n<p>Valmistaja: <a href=\"https:\/\/ffuuss.com\/\">ffuuss<\/a>, Espanja<\/p>\n<span class=\"et_bloom_bottom_trigger\"><\/span>","protected":false},"excerpt":{"rendered":"<ul>\n<li>3 s\u00e4vy\u00e4 &#8211; valkoinen, harmaa, musta<\/li>\n<li>Anturin<\/li>\n<li>LED h\u00e4lytysj\u00e4rjestelm\u00e4<\/li>\n<li>Kiilt\u00e4v\u00e4 viimeistely<\/li>\n<li>Suodattaa<\/li>\n<li>Toimitusaika: 2-3 viikkoa<\/li>\n<li>Logo vaihtoehto<\/li>\n<\/ul>\n","protected":false},"featured_media":36350,"comment_status":"closed","ping_status":"closed","template":"","meta":{"_et_pb_use_builder":"","_et_pb_old_content":"","_et_gb_content_width":""},"product_brand":[],"product_cat":[223],"product_tag":[],"class_list":{"0":"post-40096","1":"product","2":"type-product","3":"status-publish","4":"has-post-thumbnail","6":"product_cat-keha-ja-katekuivatid-fi","8":"first","9":"onbackorder","10":"taxable","11":"shipping-taxable","12":"purchasable","13":"product-type-variable"},"yoast_head":"<!-- This site is optimized with the Yoast SEO plugin v27.3 - https:\/\/yoast.com\/product\/yoast-seo-wordpress\/ -->\n<title>ffuuss s\u00e4hk\u00f6iset k\u00e4sienkuivaajat ONE Essential - Tabi vannitoad<\/title>\n<meta name=\"description\" content=\"S\u00e4hk\u00f6k\u00e4ytt\u00f6isill\u00e4 ffuuss ONE Essential -k\u00e4sienkuivausrumpuilla on upea muotoilu. 3 s\u00e4vy\u00e4, kiilt\u00e4v\u00e4 pinta. Yhteensopiva \u00e4lylaitteen kanssa. Katso l\u00e4hemp\u00e4\u00e4!\" \/>\n<meta name=\"robots\" content=\"index, follow, max-snippet:-1, max-image-preview:large, max-video-preview:-1\" \/>\n<link rel=\"canonical\" href=\"https:\/\/tabi.ee\/fi\/toode\/ffuuss-elektrilised-katekuivatid-one-essential\/\" \/>\n<meta property=\"og:locale\" content=\"fi_FI\" \/>\n<meta property=\"og:type\" content=\"article\" \/>\n<meta property=\"og:title\" content=\"ffuuss s\u00e4hk\u00f6iset k\u00e4sienkuivaajat ONE Essential - Tabi vannitoad\" \/>\n<meta property=\"og:description\" content=\"S\u00e4hk\u00f6k\u00e4ytt\u00f6isill\u00e4 ffuuss ONE Essential -k\u00e4sienkuivausrumpuilla on upea muotoilu. 3 s\u00e4vy\u00e4, kiilt\u00e4v\u00e4 pinta. Yhteensopiva \u00e4lylaitteen kanssa. Katso l\u00e4hemp\u00e4\u00e4!\" \/>\n<meta property=\"og:url\" content=\"https:\/\/tabi.ee\/fi\/toode\/ffuuss-elektrilised-katekuivatid-one-essential\/\" \/>\n<meta property=\"og:site_name\" content=\"Tabi vannitoad\" \/>\n<meta property=\"article:publisher\" content=\"https:\/\/www.facebook.com\/TABI.vannitoad\/\" \/>\n<meta property=\"article:modified_time\" content=\"2022-12-30T10:25:46+00:00\" \/>\n<meta property=\"og:image\" content=\"https:\/\/tabi.ee\/wp-content\/uploads\/2022\/04\/kate-kuivati-valge-must-scaled.jpg\" \/>\n\t<meta property=\"og:image:width\" content=\"2560\" \/>\n\t<meta property=\"og:image:height\" content=\"1920\" \/>\n\t<meta property=\"og:image:type\" content=\"image\/jpeg\" \/>\n<meta name=\"twitter:card\" content=\"summary_large_image\" \/>\n<meta name=\"twitter:label1\" content=\"Arvioitu lukuaika\" \/>\n\t<meta name=\"twitter:data1\" content=\"3 minuuttia\" \/>\n<script type=\"application\/ld+json\" class=\"yoast-schema-graph\">{\"@context\":\"https:\\\/\\\/schema.org\",\"@graph\":[{\"@type\":\"WebPage\",\"@id\":\"https:\\\/\\\/tabi.ee\\\/fi\\\/toode\\\/ffuuss-elektrilised-katekuivatid-one-essential\\\/\",\"url\":\"https:\\\/\\\/tabi.ee\\\/fi\\\/toode\\\/ffuuss-elektrilised-katekuivatid-one-essential\\\/\",\"name\":\"ffuuss s\u00e4hk\u00f6iset k\u00e4sienkuivaajat ONE Essential - Tabi vannitoad\",\"isPartOf\":{\"@id\":\"https:\\\/\\\/tabi.ee\\\/#website\"},\"primaryImageOfPage\":{\"@id\":\"https:\\\/\\\/tabi.ee\\\/fi\\\/toode\\\/ffuuss-elektrilised-katekuivatid-one-essential\\\/#primaryimage\"},\"image\":{\"@id\":\"https:\\\/\\\/tabi.ee\\\/fi\\\/toode\\\/ffuuss-elektrilised-katekuivatid-one-essential\\\/#primaryimage\"},\"thumbnailUrl\":\"https:\\\/\\\/tabi.ee\\\/wp-content\\\/uploads\\\/2022\\\/04\\\/kate-kuivati-valge-must-scaled.jpg\",\"datePublished\":\"2022-12-30T09:46:00+00:00\",\"dateModified\":\"2022-12-30T10:25:46+00:00\",\"description\":\"S\u00e4hk\u00f6k\u00e4ytt\u00f6isill\u00e4 ffuuss ONE Essential -k\u00e4sienkuivausrumpuilla on upea muotoilu. 3 s\u00e4vy\u00e4, kiilt\u00e4v\u00e4 pinta. Yhteensopiva \u00e4lylaitteen kanssa. Katso l\u00e4hemp\u00e4\u00e4!\",\"breadcrumb\":{\"@id\":\"https:\\\/\\\/tabi.ee\\\/fi\\\/toode\\\/ffuuss-elektrilised-katekuivatid-one-essential\\\/#breadcrumb\"},\"inLanguage\":\"fi\",\"potentialAction\":[{\"@type\":\"ReadAction\",\"target\":[\"https:\\\/\\\/tabi.ee\\\/fi\\\/toode\\\/ffuuss-elektrilised-katekuivatid-one-essential\\\/\"]}]},{\"@type\":\"ImageObject\",\"inLanguage\":\"fi\",\"@id\":\"https:\\\/\\\/tabi.ee\\\/fi\\\/toode\\\/ffuuss-elektrilised-katekuivatid-one-essential\\\/#primaryimage\",\"url\":\"https:\\\/\\\/tabi.ee\\\/wp-content\\\/uploads\\\/2022\\\/04\\\/kate-kuivati-valge-must-scaled.jpg\",\"contentUrl\":\"https:\\\/\\\/tabi.ee\\\/wp-content\\\/uploads\\\/2022\\\/04\\\/kate-kuivati-valge-must-scaled.jpg\",\"width\":2560,\"height\":1920},{\"@type\":\"BreadcrumbList\",\"@id\":\"https:\\\/\\\/tabi.ee\\\/fi\\\/toode\\\/ffuuss-elektrilised-katekuivatid-one-essential\\\/#breadcrumb\",\"itemListElement\":[{\"@type\":\"ListItem\",\"position\":1,\"name\":\"Home\",\"item\":\"https:\\\/\\\/tabi.ee\\\/\"},{\"@type\":\"ListItem\",\"position\":2,\"name\":\"Tabi e-pood\",\"item\":\"https:\\\/\\\/tabi.ee\\\/pood\\\/\"},{\"@type\":\"ListItem\",\"position\":3,\"name\":\"ffuuss s\u00e4hk\u00f6iset k\u00e4sienkuivaajat ONE Essential\"}]},{\"@type\":\"WebSite\",\"@id\":\"https:\\\/\\\/tabi.ee\\\/#website\",\"url\":\"https:\\\/\\\/tabi.ee\\\/\",\"name\":\"Tabi vannitoad\",\"description\":\"\",\"publisher\":{\"@id\":\"https:\\\/\\\/tabi.ee\\\/#organization\"},\"potentialAction\":[{\"@type\":\"SearchAction\",\"target\":{\"@type\":\"EntryPoint\",\"urlTemplate\":\"https:\\\/\\\/tabi.ee\\\/?s={search_term_string}\"},\"query-input\":{\"@type\":\"PropertyValueSpecification\",\"valueRequired\":true,\"valueName\":\"search_term_string\"}}],\"inLanguage\":\"fi\"},{\"@type\":\"Organization\",\"@id\":\"https:\\\/\\\/tabi.ee\\\/#organization\",\"name\":\"TABI Vannitoad\",\"url\":\"https:\\\/\\\/tabi.ee\\\/\",\"logo\":{\"@type\":\"ImageObject\",\"inLanguage\":\"fi\",\"@id\":\"https:\\\/\\\/tabi.ee\\\/#\\\/schema\\\/logo\\\/image\\\/\",\"url\":\"https:\\\/\\\/tabi.ee\\\/wp-content\\\/uploads\\\/2021\\\/03\\\/tabi-logo-e1615975337818.png\",\"contentUrl\":\"https:\\\/\\\/tabi.ee\\\/wp-content\\\/uploads\\\/2021\\\/03\\\/tabi-logo-e1615975337818.png\",\"width\":300,\"height\":141,\"caption\":\"TABI Vannitoad\"},\"image\":{\"@id\":\"https:\\\/\\\/tabi.ee\\\/#\\\/schema\\\/logo\\\/image\\\/\"},\"sameAs\":[\"https:\\\/\\\/www.facebook.com\\\/TABI.vannitoad\\\/\",\"https:\\\/\\\/www.instagram.com\\\/tabi.vannitoad\\\/\",\"https:\\\/\\\/www.linkedin.com\\\/company\\\/80133787\\\/\",\"https:\\\/\\\/www.pinterest.es\\\/tabivannitoad\\\/\"]}]}<\/script>\n<!-- \/ Yoast SEO plugin. -->","yoast_head_json":{"title":"ffuuss s\u00e4hk\u00f6iset k\u00e4sienkuivaajat ONE Essential - Tabi vannitoad","description":"S\u00e4hk\u00f6k\u00e4ytt\u00f6isill\u00e4 ffuuss ONE Essential -k\u00e4sienkuivausrumpuilla on upea muotoilu. 3 s\u00e4vy\u00e4, kiilt\u00e4v\u00e4 pinta. Yhteensopiva \u00e4lylaitteen kanssa. Katso l\u00e4hemp\u00e4\u00e4!","robots":{"index":"index","follow":"follow","max-snippet":"max-snippet:-1","max-image-preview":"max-image-preview:large","max-video-preview":"max-video-preview:-1"},"canonical":"https:\/\/tabi.ee\/fi\/toode\/ffuuss-elektrilised-katekuivatid-one-essential\/","og_locale":"fi_FI","og_type":"article","og_title":"ffuuss s\u00e4hk\u00f6iset k\u00e4sienkuivaajat ONE Essential - Tabi vannitoad","og_description":"S\u00e4hk\u00f6k\u00e4ytt\u00f6isill\u00e4 ffuuss ONE Essential -k\u00e4sienkuivausrumpuilla on upea muotoilu. 3 s\u00e4vy\u00e4, kiilt\u00e4v\u00e4 pinta. Yhteensopiva \u00e4lylaitteen kanssa. Katso l\u00e4hemp\u00e4\u00e4!","og_url":"https:\/\/tabi.ee\/fi\/toode\/ffuuss-elektrilised-katekuivatid-one-essential\/","og_site_name":"Tabi vannitoad","article_publisher":"https:\/\/www.facebook.com\/TABI.vannitoad\/","article_modified_time":"2022-12-30T10:25:46+00:00","og_image":[{"width":2560,"height":1920,"url":"https:\/\/tabi.ee\/wp-content\/uploads\/2022\/04\/kate-kuivati-valge-must-scaled.jpg","type":"image\/jpeg"}],"twitter_card":"summary_large_image","twitter_misc":{"Arvioitu lukuaika":"3 minuuttia"},"schema":{"@context":"https:\/\/schema.org","@graph":[{"@type":"WebPage","@id":"https:\/\/tabi.ee\/fi\/toode\/ffuuss-elektrilised-katekuivatid-one-essential\/","url":"https:\/\/tabi.ee\/fi\/toode\/ffuuss-elektrilised-katekuivatid-one-essential\/","name":"ffuuss s\u00e4hk\u00f6iset k\u00e4sienkuivaajat ONE Essential - Tabi vannitoad","isPartOf":{"@id":"https:\/\/tabi.ee\/#website"},"primaryImageOfPage":{"@id":"https:\/\/tabi.ee\/fi\/toode\/ffuuss-elektrilised-katekuivatid-one-essential\/#primaryimage"},"image":{"@id":"https:\/\/tabi.ee\/fi\/toode\/ffuuss-elektrilised-katekuivatid-one-essential\/#primaryimage"},"thumbnailUrl":"https:\/\/tabi.ee\/wp-content\/uploads\/2022\/04\/kate-kuivati-valge-must-scaled.jpg","datePublished":"2022-12-30T09:46:00+00:00","dateModified":"2022-12-30T10:25:46+00:00","description":"S\u00e4hk\u00f6k\u00e4ytt\u00f6isill\u00e4 ffuuss ONE Essential -k\u00e4sienkuivausrumpuilla on upea muotoilu. 3 s\u00e4vy\u00e4, kiilt\u00e4v\u00e4 pinta. Yhteensopiva \u00e4lylaitteen kanssa. Katso l\u00e4hemp\u00e4\u00e4!","breadcrumb":{"@id":"https:\/\/tabi.ee\/fi\/toode\/ffuuss-elektrilised-katekuivatid-one-essential\/#breadcrumb"},"inLanguage":"fi","potentialAction":[{"@type":"ReadAction","target":["https:\/\/tabi.ee\/fi\/toode\/ffuuss-elektrilised-katekuivatid-one-essential\/"]}]},{"@type":"ImageObject","inLanguage":"fi","@id":"https:\/\/tabi.ee\/fi\/toode\/ffuuss-elektrilised-katekuivatid-one-essential\/#primaryimage","url":"https:\/\/tabi.ee\/wp-content\/uploads\/2022\/04\/kate-kuivati-valge-must-scaled.jpg","contentUrl":"https:\/\/tabi.ee\/wp-content\/uploads\/2022\/04\/kate-kuivati-valge-must-scaled.jpg","width":2560,"height":1920},{"@type":"BreadcrumbList","@id":"https:\/\/tabi.ee\/fi\/toode\/ffuuss-elektrilised-katekuivatid-one-essential\/#breadcrumb","itemListElement":[{"@type":"ListItem","position":1,"name":"Home","item":"https:\/\/tabi.ee\/"},{"@type":"ListItem","position":2,"name":"Tabi e-pood","item":"https:\/\/tabi.ee\/pood\/"},{"@type":"ListItem","position":3,"name":"ffuuss s\u00e4hk\u00f6iset k\u00e4sienkuivaajat ONE Essential"}]},{"@type":"WebSite","@id":"https:\/\/tabi.ee\/#website","url":"https:\/\/tabi.ee\/","name":"Tabi vannitoad","description":"","publisher":{"@id":"https:\/\/tabi.ee\/#organization"},"potentialAction":[{"@type":"SearchAction","target":{"@type":"EntryPoint","urlTemplate":"https:\/\/tabi.ee\/?s={search_term_string}"},"query-input":{"@type":"PropertyValueSpecification","valueRequired":true,"valueName":"search_term_string"}}],"inLanguage":"fi"},{"@type":"Organization","@id":"https:\/\/tabi.ee\/#organization","name":"TABI Vannitoad","url":"https:\/\/tabi.ee\/","logo":{"@type":"ImageObject","inLanguage":"fi","@id":"https:\/\/tabi.ee\/#\/schema\/logo\/image\/","url":"https:\/\/tabi.ee\/wp-content\/uploads\/2021\/03\/tabi-logo-e1615975337818.png","contentUrl":"https:\/\/tabi.ee\/wp-content\/uploads\/2021\/03\/tabi-logo-e1615975337818.png","width":300,"height":141,"caption":"TABI Vannitoad"},"image":{"@id":"https:\/\/tabi.ee\/#\/schema\/logo\/image\/"},"sameAs":["https:\/\/www.facebook.com\/TABI.vannitoad\/","https:\/\/www.instagram.com\/tabi.vannitoad\/","https:\/\/www.linkedin.com\/company\/80133787\/","https:\/\/www.pinterest.es\/tabivannitoad\/"]}]}},"_links":{"self":[{"href":"https:\/\/tabi.ee\/fi\/wp-json\/wp\/v2\/product\/40096","targetHints":{"allow":["GET"]}}],"collection":[{"href":"https:\/\/tabi.ee\/fi\/wp-json\/wp\/v2\/product"}],"about":[{"href":"https:\/\/tabi.ee\/fi\/wp-json\/wp\/v2\/types\/product"}],"replies":[{"embeddable":true,"href":"https:\/\/tabi.ee\/fi\/wp-json\/wp\/v2\/comments?post=40096"}],"wp:featuredmedia":[{"embeddable":true,"href":"https:\/\/tabi.ee\/fi\/wp-json\/wp\/v2\/media\/36350"}],"wp:attachment":[{"href":"https:\/\/tabi.ee\/fi\/wp-json\/wp\/v2\/media?parent=40096"}],"wp:term":[{"taxonomy":"product_brand","embeddable":true,"href":"https:\/\/tabi.ee\/fi\/wp-json\/wp\/v2\/product_brand?post=40096"},{"taxonomy":"product_cat","embeddable":true,"href":"https:\/\/tabi.ee\/fi\/wp-json\/wp\/v2\/product_cat?post=40096"},{"taxonomy":"product_tag","embeddable":true,"href":"https:\/\/tabi.ee\/fi\/wp-json\/wp\/v2\/product_tag?post=40096"}],"curies":[{"name":"wp","href":"https:\/\/api.w.org\/{rel}","templated":true}]}}