{"id":21280,"date":"2022-02-16T16:29:53","date_gmt":"2022-02-16T13:29:53","guid":{"rendered":"https:\/\/tabi.ee\/toode\/nuovvo-pinnapealne-marmor-kronos-zeus\/"},"modified":"2022-08-11T20:38:42","modified_gmt":"2022-08-11T17:38:42","slug":"nuovvo-pinnapealne-marmor-kronos-zeus","status":"publish","type":"product","link":"https:\/\/tabi.ee\/en\/toode\/nuovvo-pinnapealne-marmor-kronos-zeus\/","title":{"rendered":"Nuovvo pinnapealne marmor KRONOS\/ZEUS"},"content":{"rendered":"<h1>Nuovvo pinnapealne marmor valamu KRONOS\/ZEUS<\/h1>\n<p>Ehtsast marmorist valamud on kordumatu mustri ja tooniga.<br \/>\nMarmor on elusmaterjal ja vajab hoolt nagu iga teine materjal. Hea hoolduse korral on marmor v\u00e4ga hea kestvusega materjal.<\/p>\n<p><strong>Saadaval marmori toonid:<\/strong><br \/>\nCarrara, Crema marfil, Marr\u00f3n emperador, Verde india, Pietra gris ja Negro marquina.<\/p>\n<p><strong>Kivimass marmoriimitatsiooniga:<\/strong><br \/>\nCalacatta, Gris Polar, Negro Marquina<\/p>\n<p><strong>Kronos<\/strong>\u00a0sobib kasutamiseks seinapealse segistiga.<br \/>\n<b>Zeus <\/b>valamul paigaldatakse segisti valamule. M\u00f5lemal valamu on \u00e4ravoolu kohal marmorist eemaldatav riba, mida saab kerge vaevaga eemaldada puhastamiseks.<\/p>\n<p><strong>M\u00f5\u00f5dud:<\/strong><br \/>\nK\u00f5rgus 120 mm<br \/>\nS\u00fcgavus 460 mm<br \/>\nLaius 800-2400 mm<\/p>\n<p><strong>Igap\u00e4evane puhastamine<\/strong><br \/>\nMarmorist tasapinna igap\u00e4evaseks puhastamiseks kasuta niisket (mikrokiududest) lappi, sooja vett ja vajadusel neutraalset (pH 7) v\u00f5i \u00f5rnalt leeliselist (pH 8-10) pesuvahendit. Eelistada vahendeid, mis on spetsiaalselt m\u00f5eldud looduslikule kivile. Marmori puhul tuleb v\u00e4ltida happelisi ja pleegitusaineid sisaldavaid puhastusvahendeid. Kivi pind on tundlik ka abrasiivsete materjalide suhtes \u2013 mikrokahjustusi v\u00f5ib tekitada nii traatk\u00e4sn kui juhuslik liivatera pesulapi k\u00fcljes.<br \/>\nLoe hooldusest rohkem <a href=\"https:\/\/tabi.ee\/wp-content\/uploads\/2021\/10\/Nuovvo-marmori-kasutus-ja-hooldusjuhend.pdf\"><strong>SIIT<\/strong><\/a>!<\/p>\n<p>Tootja: <a href=\"https:\/\/nuovvo.com\/en\/\">Nuovvo<\/a>, Hispaania<\/p>\n<span class=\"et_bloom_bottom_trigger\"><\/span>","protected":false},"excerpt":{"rendered":"<ul>\n<li>marmor &#8211; 6 tooni<\/li>\n<li>komposiit marmor &#8211; 3 tooni<\/li>\n<li>laius 800 &#8211; 2400 mm<\/li>\n<\/ul>\n","protected":false},"featured_media":4307,"comment_status":"closed","ping_status":"closed","template":"","meta":{"_et_pb_use_builder":"","_et_pb_old_content":"","_et_gb_content_width":""},"product_brand":[],"product_cat":[159],"product_tag":[],"class_list":{"0":"post-21280","1":"product","2":"type-product","3":"status-publish","4":"has-post-thumbnail","6":"product_cat-marble-and-compact-marble-washbasins","8":"first","9":"onbackorder","10":"taxable","11":"shipping-taxable","12":"purchasable","13":"product-type-variable"},"yoast_head":"<!-- This site is optimized with the Yoast SEO plugin v27.3 - https:\/\/yoast.com\/product\/yoast-seo-wordpress\/ -->\n<title>Nuovvo pinnapealne marmor KRONOS\/ZEUS - Tabi vannitoad<\/title>\n<meta name=\"description\" content=\"Marmor valamu Kronos\/Zeus on valmistatud ehtsast marmorist. Kordumatu mustri ja tooniga valamud, millele on aeg j\u00e4tnud oma j\u00e4lje.\" \/>\n<meta name=\"robots\" content=\"index, follow, max-snippet:-1, max-image-preview:large, max-video-preview:-1\" \/>\n<link rel=\"canonical\" href=\"https:\/\/tabi.ee\/en\/toode\/nuovvo-pinnapealne-marmor-kronos-zeus\/\" \/>\n<meta property=\"og:locale\" content=\"en_US\" \/>\n<meta property=\"og:type\" content=\"article\" \/>\n<meta property=\"og:title\" content=\"Nuovvo pinnapealne marmor KRONOS\/ZEUS - Tabi vannitoad\" \/>\n<meta property=\"og:description\" content=\"Marmor valamu Kronos\/Zeus on valmistatud ehtsast marmorist. Kordumatu mustri ja tooniga valamud, millele on aeg j\u00e4tnud oma j\u00e4lje.\" \/>\n<meta property=\"og:url\" content=\"https:\/\/tabi.ee\/en\/toode\/nuovvo-pinnapealne-marmor-kronos-zeus\/\" \/>\n<meta property=\"og:site_name\" content=\"Tabi vannitoad\" \/>\n<meta property=\"article:publisher\" content=\"https:\/\/www.facebook.com\/TABI.vannitoad\/\" \/>\n<meta property=\"article:modified_time\" content=\"2022-08-11T17:38:42+00:00\" \/>\n<meta property=\"og:image\" content=\"https:\/\/tabi.ee\/wp-content\/uploads\/2021\/05\/nuovvo-marmor-valamu-kronos.png\" \/>\n\t<meta property=\"og:image:width\" content=\"1024\" \/>\n\t<meta property=\"og:image:height\" content=\"768\" \/>\n\t<meta property=\"og:image:type\" content=\"image\/png\" \/>\n<meta name=\"twitter:card\" content=\"summary_large_image\" \/>\n<meta name=\"twitter:label1\" content=\"Est. reading time\" \/>\n\t<meta name=\"twitter:data1\" content=\"1 minute\" \/>\n<script type=\"application\/ld+json\" class=\"yoast-schema-graph\">{\"@context\":\"https:\\\/\\\/schema.org\",\"@graph\":[{\"@type\":\"WebPage\",\"@id\":\"https:\\\/\\\/tabi.ee\\\/en\\\/toode\\\/nuovvo-pinnapealne-marmor-kronos-zeus\\\/\",\"url\":\"https:\\\/\\\/tabi.ee\\\/en\\\/toode\\\/nuovvo-pinnapealne-marmor-kronos-zeus\\\/\",\"name\":\"Nuovvo pinnapealne marmor KRONOS\\\/ZEUS - Tabi vannitoad\",\"isPartOf\":{\"@id\":\"https:\\\/\\\/tabi.ee\\\/#website\"},\"primaryImageOfPage\":{\"@id\":\"https:\\\/\\\/tabi.ee\\\/en\\\/toode\\\/nuovvo-pinnapealne-marmor-kronos-zeus\\\/#primaryimage\"},\"image\":{\"@id\":\"https:\\\/\\\/tabi.ee\\\/en\\\/toode\\\/nuovvo-pinnapealne-marmor-kronos-zeus\\\/#primaryimage\"},\"thumbnailUrl\":\"https:\\\/\\\/tabi.ee\\\/wp-content\\\/uploads\\\/2021\\\/05\\\/nuovvo-marmor-valamu-kronos.png\",\"datePublished\":\"2022-02-16T13:29:53+00:00\",\"dateModified\":\"2022-08-11T17:38:42+00:00\",\"description\":\"Marmor valamu Kronos\\\/Zeus on valmistatud ehtsast marmorist. Kordumatu mustri ja tooniga valamud, millele on aeg j\u00e4tnud oma j\u00e4lje.\",\"breadcrumb\":{\"@id\":\"https:\\\/\\\/tabi.ee\\\/en\\\/toode\\\/nuovvo-pinnapealne-marmor-kronos-zeus\\\/#breadcrumb\"},\"inLanguage\":\"en-US\",\"potentialAction\":[{\"@type\":\"ReadAction\",\"target\":[\"https:\\\/\\\/tabi.ee\\\/en\\\/toode\\\/nuovvo-pinnapealne-marmor-kronos-zeus\\\/\"]}]},{\"@type\":\"ImageObject\",\"inLanguage\":\"en-US\",\"@id\":\"https:\\\/\\\/tabi.ee\\\/en\\\/toode\\\/nuovvo-pinnapealne-marmor-kronos-zeus\\\/#primaryimage\",\"url\":\"https:\\\/\\\/tabi.ee\\\/wp-content\\\/uploads\\\/2021\\\/05\\\/nuovvo-marmor-valamu-kronos.png\",\"contentUrl\":\"https:\\\/\\\/tabi.ee\\\/wp-content\\\/uploads\\\/2021\\\/05\\\/nuovvo-marmor-valamu-kronos.png\",\"width\":1024,\"height\":768,\"caption\":\"marmor valamu\"},{\"@type\":\"BreadcrumbList\",\"@id\":\"https:\\\/\\\/tabi.ee\\\/en\\\/toode\\\/nuovvo-pinnapealne-marmor-kronos-zeus\\\/#breadcrumb\",\"itemListElement\":[{\"@type\":\"ListItem\",\"position\":1,\"name\":\"Home\",\"item\":\"https:\\\/\\\/tabi.ee\\\/\"},{\"@type\":\"ListItem\",\"position\":2,\"name\":\"Tabi e-pood\",\"item\":\"https:\\\/\\\/tabi.ee\\\/pood\\\/\"},{\"@type\":\"ListItem\",\"position\":3,\"name\":\"Nuovvo pinnapealne marmor KRONOS\\\/ZEUS\"}]},{\"@type\":\"WebSite\",\"@id\":\"https:\\\/\\\/tabi.ee\\\/#website\",\"url\":\"https:\\\/\\\/tabi.ee\\\/\",\"name\":\"Tabi vannitoad\",\"description\":\"\",\"publisher\":{\"@id\":\"https:\\\/\\\/tabi.ee\\\/#organization\"},\"potentialAction\":[{\"@type\":\"SearchAction\",\"target\":{\"@type\":\"EntryPoint\",\"urlTemplate\":\"https:\\\/\\\/tabi.ee\\\/?s={search_term_string}\"},\"query-input\":{\"@type\":\"PropertyValueSpecification\",\"valueRequired\":true,\"valueName\":\"search_term_string\"}}],\"inLanguage\":\"en-US\"},{\"@type\":\"Organization\",\"@id\":\"https:\\\/\\\/tabi.ee\\\/#organization\",\"name\":\"TABI Vannitoad\",\"url\":\"https:\\\/\\\/tabi.ee\\\/\",\"logo\":{\"@type\":\"ImageObject\",\"inLanguage\":\"en-US\",\"@id\":\"https:\\\/\\\/tabi.ee\\\/#\\\/schema\\\/logo\\\/image\\\/\",\"url\":\"https:\\\/\\\/tabi.ee\\\/wp-content\\\/uploads\\\/2021\\\/03\\\/tabi-logo-e1615975337818.png\",\"contentUrl\":\"https:\\\/\\\/tabi.ee\\\/wp-content\\\/uploads\\\/2021\\\/03\\\/tabi-logo-e1615975337818.png\",\"width\":300,\"height\":141,\"caption\":\"TABI Vannitoad\"},\"image\":{\"@id\":\"https:\\\/\\\/tabi.ee\\\/#\\\/schema\\\/logo\\\/image\\\/\"},\"sameAs\":[\"https:\\\/\\\/www.facebook.com\\\/TABI.vannitoad\\\/\",\"https:\\\/\\\/www.instagram.com\\\/tabi.vannitoad\\\/\",\"https:\\\/\\\/www.linkedin.com\\\/company\\\/80133787\\\/\",\"https:\\\/\\\/www.pinterest.es\\\/tabivannitoad\\\/\"]}]}<\/script>\n<!-- \/ Yoast SEO plugin. -->","yoast_head_json":{"title":"Nuovvo pinnapealne marmor KRONOS\/ZEUS - Tabi vannitoad","description":"Marmor valamu Kronos\/Zeus on valmistatud ehtsast marmorist. Kordumatu mustri ja tooniga valamud, millele on aeg j\u00e4tnud oma j\u00e4lje.","robots":{"index":"index","follow":"follow","max-snippet":"max-snippet:-1","max-image-preview":"max-image-preview:large","max-video-preview":"max-video-preview:-1"},"canonical":"https:\/\/tabi.ee\/en\/toode\/nuovvo-pinnapealne-marmor-kronos-zeus\/","og_locale":"en_US","og_type":"article","og_title":"Nuovvo pinnapealne marmor KRONOS\/ZEUS - Tabi vannitoad","og_description":"Marmor valamu Kronos\/Zeus on valmistatud ehtsast marmorist. Kordumatu mustri ja tooniga valamud, millele on aeg j\u00e4tnud oma j\u00e4lje.","og_url":"https:\/\/tabi.ee\/en\/toode\/nuovvo-pinnapealne-marmor-kronos-zeus\/","og_site_name":"Tabi vannitoad","article_publisher":"https:\/\/www.facebook.com\/TABI.vannitoad\/","article_modified_time":"2022-08-11T17:38:42+00:00","og_image":[{"width":1024,"height":768,"url":"https:\/\/tabi.ee\/wp-content\/uploads\/2021\/05\/nuovvo-marmor-valamu-kronos.png","type":"image\/png"}],"twitter_card":"summary_large_image","twitter_misc":{"Est. reading time":"1 minute"},"schema":{"@context":"https:\/\/schema.org","@graph":[{"@type":"WebPage","@id":"https:\/\/tabi.ee\/en\/toode\/nuovvo-pinnapealne-marmor-kronos-zeus\/","url":"https:\/\/tabi.ee\/en\/toode\/nuovvo-pinnapealne-marmor-kronos-zeus\/","name":"Nuovvo pinnapealne marmor KRONOS\/ZEUS - Tabi vannitoad","isPartOf":{"@id":"https:\/\/tabi.ee\/#website"},"primaryImageOfPage":{"@id":"https:\/\/tabi.ee\/en\/toode\/nuovvo-pinnapealne-marmor-kronos-zeus\/#primaryimage"},"image":{"@id":"https:\/\/tabi.ee\/en\/toode\/nuovvo-pinnapealne-marmor-kronos-zeus\/#primaryimage"},"thumbnailUrl":"https:\/\/tabi.ee\/wp-content\/uploads\/2021\/05\/nuovvo-marmor-valamu-kronos.png","datePublished":"2022-02-16T13:29:53+00:00","dateModified":"2022-08-11T17:38:42+00:00","description":"Marmor valamu Kronos\/Zeus on valmistatud ehtsast marmorist. Kordumatu mustri ja tooniga valamud, millele on aeg j\u00e4tnud oma j\u00e4lje.","breadcrumb":{"@id":"https:\/\/tabi.ee\/en\/toode\/nuovvo-pinnapealne-marmor-kronos-zeus\/#breadcrumb"},"inLanguage":"en-US","potentialAction":[{"@type":"ReadAction","target":["https:\/\/tabi.ee\/en\/toode\/nuovvo-pinnapealne-marmor-kronos-zeus\/"]}]},{"@type":"ImageObject","inLanguage":"en-US","@id":"https:\/\/tabi.ee\/en\/toode\/nuovvo-pinnapealne-marmor-kronos-zeus\/#primaryimage","url":"https:\/\/tabi.ee\/wp-content\/uploads\/2021\/05\/nuovvo-marmor-valamu-kronos.png","contentUrl":"https:\/\/tabi.ee\/wp-content\/uploads\/2021\/05\/nuovvo-marmor-valamu-kronos.png","width":1024,"height":768,"caption":"marmor valamu"},{"@type":"BreadcrumbList","@id":"https:\/\/tabi.ee\/en\/toode\/nuovvo-pinnapealne-marmor-kronos-zeus\/#breadcrumb","itemListElement":[{"@type":"ListItem","position":1,"name":"Home","item":"https:\/\/tabi.ee\/"},{"@type":"ListItem","position":2,"name":"Tabi e-pood","item":"https:\/\/tabi.ee\/pood\/"},{"@type":"ListItem","position":3,"name":"Nuovvo pinnapealne marmor KRONOS\/ZEUS"}]},{"@type":"WebSite","@id":"https:\/\/tabi.ee\/#website","url":"https:\/\/tabi.ee\/","name":"Tabi vannitoad","description":"","publisher":{"@id":"https:\/\/tabi.ee\/#organization"},"potentialAction":[{"@type":"SearchAction","target":{"@type":"EntryPoint","urlTemplate":"https:\/\/tabi.ee\/?s={search_term_string}"},"query-input":{"@type":"PropertyValueSpecification","valueRequired":true,"valueName":"search_term_string"}}],"inLanguage":"en-US"},{"@type":"Organization","@id":"https:\/\/tabi.ee\/#organization","name":"TABI Vannitoad","url":"https:\/\/tabi.ee\/","logo":{"@type":"ImageObject","inLanguage":"en-US","@id":"https:\/\/tabi.ee\/#\/schema\/logo\/image\/","url":"https:\/\/tabi.ee\/wp-content\/uploads\/2021\/03\/tabi-logo-e1615975337818.png","contentUrl":"https:\/\/tabi.ee\/wp-content\/uploads\/2021\/03\/tabi-logo-e1615975337818.png","width":300,"height":141,"caption":"TABI Vannitoad"},"image":{"@id":"https:\/\/tabi.ee\/#\/schema\/logo\/image\/"},"sameAs":["https:\/\/www.facebook.com\/TABI.vannitoad\/","https:\/\/www.instagram.com\/tabi.vannitoad\/","https:\/\/www.linkedin.com\/company\/80133787\/","https:\/\/www.pinterest.es\/tabivannitoad\/"]}]}},"_links":{"self":[{"href":"https:\/\/tabi.ee\/en\/wp-json\/wp\/v2\/product\/21280","targetHints":{"allow":["GET"]}}],"collection":[{"href":"https:\/\/tabi.ee\/en\/wp-json\/wp\/v2\/product"}],"about":[{"href":"https:\/\/tabi.ee\/en\/wp-json\/wp\/v2\/types\/product"}],"replies":[{"embeddable":true,"href":"https:\/\/tabi.ee\/en\/wp-json\/wp\/v2\/comments?post=21280"}],"wp:featuredmedia":[{"embeddable":true,"href":"https:\/\/tabi.ee\/en\/wp-json\/wp\/v2\/media\/4307"}],"wp:attachment":[{"href":"https:\/\/tabi.ee\/en\/wp-json\/wp\/v2\/media?parent=21280"}],"wp:term":[{"taxonomy":"product_brand","embeddable":true,"href":"https:\/\/tabi.ee\/en\/wp-json\/wp\/v2\/product_brand?post=21280"},{"taxonomy":"product_cat","embeddable":true,"href":"https:\/\/tabi.ee\/en\/wp-json\/wp\/v2\/product_cat?post=21280"},{"taxonomy":"product_tag","embeddable":true,"href":"https:\/\/tabi.ee\/en\/wp-json\/wp\/v2\/product_tag?post=21280"}],"curies":[{"name":"wp","href":"https:\/\/api.w.org\/{rel}","templated":true}]}}