{"id":20046,"date":"2022-05-17T09:25:07","date_gmt":"2022-05-17T06:25:07","guid":{"rendered":"https:\/\/tabi.ee\/toode\/rannaratik-graccioza-bee-waffle-erinevad-toonid\/"},"modified":"2022-05-17T09:25:07","modified_gmt":"2022-05-17T06:25:07","slug":"rannaratik-graccioza-bee-waffle-erinevad-toonid","status":"publish","type":"product","link":"https:\/\/tabi.ee\/en\/toode\/rannaratik-graccioza-bee-waffle-erinevad-toonid\/","title":{"rendered":"Rannar\u00e4tik Graccioza BEE WAFFLE (erinevad toonid)"},"content":{"rendered":"<h2><strong>Rannar\u00e4tik BEE WAFFLE <\/strong><\/h2>\n<p>\u00c4\u00e4rmiselt pehme rannar\u00e4tik, valmistatud Portugalis parimatest puuvillakiududest.<br \/>\nKaasaegne, erakordselt paks r\u00e4tik, millel on kerge vahvel tekstuur.<\/p>\n<p>P\u00e4ikse ja kloori suhtes vastupidavad. V\u00e4rv ei tuhmu.<\/p>\n<ul>\n<li>95x200cm<\/li>\n<li>100% pehmest puuvillast<\/li>\n<li>\u00dcmardatud nurgad ja topelt\u00f5mblus lisatugevuse tagamiseks<\/li>\n<li>Eelpestud ja eelkahandatud, et tagada suurem imamisv\u00f5ime ja pehmus<\/li>\n<li>Personaliseerimise v\u00f5imalus &#8211; rannar\u00e4tikule on v\u00f5imalik tikkida peale logo v\u00f5i nimi<\/li>\n<li><strong><a href=\"https:\/\/tabi.ee\/vannituba\/kvaliteetsed-tekstiiltooted-ja-gsm\/\">550 GSM<\/a><\/strong><\/li>\n<\/ul>\n<p><strong>Personaliseerimise v\u00f5imalus<\/strong> &#8211; rannar\u00e4tikule on v\u00f5imalik tikkida peale logo v\u00f5i nimi.<\/p>\n<ul>\n<li>S\u00f5brale v\u00f5i pereliikmele kingiks tema nimega rannar\u00e4tik.<\/li>\n<li>Hotellidele, spadele ja majutusasutustele logodega tooted<\/li>\n<\/ul>\n<p>R\u00e4tikute tootmisel on kasutatud uudseid tuhmumiskindluse tehnikaid.<br \/>\nT\u00e4nu sellele kollektsiooni r\u00e4tikud ideaalsed kaasa haaramiseks basseini \u00e4\u00e4rde, jahile ja randa.<\/p>\n<p>&nbsp;<\/p>\n<h3><strong>Koostis:<\/strong><\/h3>\n<p>100% puuvill<\/p>\n<p>&nbsp;<\/p>\n<h3><strong>Rannar\u00e4tiku hooldus:<\/strong><\/h3>\n<p>Masinpesu 60\u00b0<br \/>\nTriikimine 150\u00b0<br \/>\nValgendamine keelatud<br \/>\nKeemiline puhastus keelatud<br \/>\nTrummelkuivatus, tavaline<\/p>\n<p><a href=\"https:\/\/www.graccioza.com\/en\/\">Graccioza<\/a> r\u00e4tikud on toodetud Portugalis.<\/p>\n<p>Tekstiiltoodetele kehtib Eesti sisene TASUTA transport.<\/p>\n<p>Tutvu ka teiste <a href=\"https:\/\/tabi.ee\/tootekategooria\/tekstiiltooted\/rannaratikud\/\">rannar\u00e4tikutega<\/a>.<\/p>\n<span class=\"et_bloom_bottom_trigger\"><\/span>","protected":false},"excerpt":{"rendered":"<ul>\n<li>95x200cm<\/li>\n<li>100% pehmest puuvillast<\/li>\n<li>\u00dcmardatud nurgad ja topelt\u00f5mblus lisatugevuse tagamiseks<\/li>\n<li>Eelpestud ja eelkahandatud, et tagada suurem imamisv\u00f5ime ja pehmus<\/li>\n<li>Personaliseerimise v\u00f5imalus &#8211; rannar\u00e4tikule on v\u00f5imalik tikkida peale logo v\u00f5i nimi<\/li>\n<li><strong><a href=\"https:\/\/tabi.ee\/vannituba\/kvaliteetsed-tekstiiltooted-ja-gsm\/\">550 GSM<\/a><\/strong><\/li>\n<li>Tekstiiltoodetele kehtib Eesti sisene TASUTA transport.<\/li>\n<\/ul>\n","protected":false},"featured_media":18362,"comment_status":"closed","ping_status":"closed","template":"","meta":{"_et_pb_use_builder":"","_et_pb_old_content":"","_et_gb_content_width":""},"product_brand":[],"product_cat":[147],"product_tag":[],"class_list":{"0":"post-20046","1":"product","2":"type-product","3":"status-publish","4":"has-post-thumbnail","6":"product_cat-beach-towels","8":"first","9":"onbackorder","10":"taxable","11":"shipping-taxable","12":"purchasable","13":"product-type-variable"},"yoast_head":"<!-- This site is optimized with the Yoast SEO plugin v27.4 - https:\/\/yoast.com\/product\/yoast-seo-wordpress\/ -->\n<title>Rannar\u00e4tik Graccioza BEE WAFFLE (erinevad toonid) - Tabi vannitoad<\/title>\n<meta name=\"description\" content=\"Luksuslikult pehme rannar\u00e4tik on valmistatud 100% puuvillast. P\u00e4ikese ja kloori suhtes vastupidav. V\u00e4rvid ei tuhmu! Vahvel r\u00e4tik.\" \/>\n<meta name=\"robots\" content=\"index, follow, max-snippet:-1, max-image-preview:large, max-video-preview:-1\" \/>\n<link rel=\"canonical\" href=\"https:\/\/tabi.ee\/en\/toode\/rannaratik-graccioza-bee-waffle-erinevad-toonid\/\" \/>\n<meta property=\"og:locale\" content=\"en_US\" \/>\n<meta property=\"og:type\" content=\"article\" \/>\n<meta property=\"og:title\" content=\"Rannar\u00e4tik Graccioza BEE WAFFLE (erinevad toonid) - Tabi vannitoad\" \/>\n<meta property=\"og:description\" content=\"Luksuslikult pehme rannar\u00e4tik on valmistatud 100% puuvillast. P\u00e4ikese ja kloori suhtes vastupidav. V\u00e4rvid ei tuhmu! Vahvel r\u00e4tik.\" \/>\n<meta property=\"og:url\" content=\"https:\/\/tabi.ee\/en\/toode\/rannaratik-graccioza-bee-waffle-erinevad-toonid\/\" \/>\n<meta property=\"og:site_name\" content=\"Tabi vannitoad\" \/>\n<meta property=\"article:publisher\" content=\"https:\/\/www.facebook.com\/TABI.vannitoad\/\" \/>\n<meta property=\"og:image\" content=\"https:\/\/tabi.ee\/wp-content\/uploads\/2022\/05\/rannaratik-bee-waffle-sun-kollane-1.jpg\" \/>\n\t<meta property=\"og:image:width\" content=\"1920\" \/>\n\t<meta property=\"og:image:height\" content=\"1920\" \/>\n\t<meta property=\"og:image:type\" content=\"image\/jpeg\" \/>\n<meta name=\"twitter:card\" content=\"summary_large_image\" \/>\n<meta name=\"twitter:label1\" content=\"Est. reading time\" \/>\n\t<meta name=\"twitter:data1\" content=\"1 minute\" \/>\n<script type=\"application\/ld+json\" class=\"yoast-schema-graph\">{\"@context\":\"https:\\\/\\\/schema.org\",\"@graph\":[{\"@type\":\"WebPage\",\"@id\":\"https:\\\/\\\/tabi.ee\\\/en\\\/toode\\\/rannaratik-graccioza-bee-waffle-erinevad-toonid\\\/\",\"url\":\"https:\\\/\\\/tabi.ee\\\/en\\\/toode\\\/rannaratik-graccioza-bee-waffle-erinevad-toonid\\\/\",\"name\":\"Rannar\u00e4tik Graccioza BEE WAFFLE (erinevad toonid) - Tabi vannitoad\",\"isPartOf\":{\"@id\":\"https:\\\/\\\/tabi.ee\\\/#website\"},\"primaryImageOfPage\":{\"@id\":\"https:\\\/\\\/tabi.ee\\\/en\\\/toode\\\/rannaratik-graccioza-bee-waffle-erinevad-toonid\\\/#primaryimage\"},\"image\":{\"@id\":\"https:\\\/\\\/tabi.ee\\\/en\\\/toode\\\/rannaratik-graccioza-bee-waffle-erinevad-toonid\\\/#primaryimage\"},\"thumbnailUrl\":\"https:\\\/\\\/tabi.ee\\\/wp-content\\\/uploads\\\/2022\\\/05\\\/rannaratik-bee-waffle-sun-kollane-1.jpg\",\"datePublished\":\"2022-05-17T06:25:07+00:00\",\"description\":\"Luksuslikult pehme rannar\u00e4tik on valmistatud 100% puuvillast. P\u00e4ikese ja kloori suhtes vastupidav. V\u00e4rvid ei tuhmu! Vahvel r\u00e4tik.\",\"breadcrumb\":{\"@id\":\"https:\\\/\\\/tabi.ee\\\/en\\\/toode\\\/rannaratik-graccioza-bee-waffle-erinevad-toonid\\\/#breadcrumb\"},\"inLanguage\":\"en-US\",\"potentialAction\":[{\"@type\":\"ReadAction\",\"target\":[\"https:\\\/\\\/tabi.ee\\\/en\\\/toode\\\/rannaratik-graccioza-bee-waffle-erinevad-toonid\\\/\"]}]},{\"@type\":\"ImageObject\",\"inLanguage\":\"en-US\",\"@id\":\"https:\\\/\\\/tabi.ee\\\/en\\\/toode\\\/rannaratik-graccioza-bee-waffle-erinevad-toonid\\\/#primaryimage\",\"url\":\"https:\\\/\\\/tabi.ee\\\/wp-content\\\/uploads\\\/2022\\\/05\\\/rannaratik-bee-waffle-sun-kollane-1.jpg\",\"contentUrl\":\"https:\\\/\\\/tabi.ee\\\/wp-content\\\/uploads\\\/2022\\\/05\\\/rannaratik-bee-waffle-sun-kollane-1.jpg\",\"width\":1920,\"height\":1920,\"caption\":\"rannar\u00e4tik bee waffle sun kollane\"},{\"@type\":\"BreadcrumbList\",\"@id\":\"https:\\\/\\\/tabi.ee\\\/en\\\/toode\\\/rannaratik-graccioza-bee-waffle-erinevad-toonid\\\/#breadcrumb\",\"itemListElement\":[{\"@type\":\"ListItem\",\"position\":1,\"name\":\"Home\",\"item\":\"https:\\\/\\\/tabi.ee\\\/\"},{\"@type\":\"ListItem\",\"position\":2,\"name\":\"Tabi e-pood\",\"item\":\"https:\\\/\\\/tabi.ee\\\/pood\\\/\"},{\"@type\":\"ListItem\",\"position\":3,\"name\":\"Rannar\u00e4tik Graccioza BEE WAFFLE (erinevad toonid)\"}]},{\"@type\":\"WebSite\",\"@id\":\"https:\\\/\\\/tabi.ee\\\/#website\",\"url\":\"https:\\\/\\\/tabi.ee\\\/\",\"name\":\"Tabi vannitoad\",\"description\":\"\",\"publisher\":{\"@id\":\"https:\\\/\\\/tabi.ee\\\/#organization\"},\"potentialAction\":[{\"@type\":\"SearchAction\",\"target\":{\"@type\":\"EntryPoint\",\"urlTemplate\":\"https:\\\/\\\/tabi.ee\\\/?s={search_term_string}\"},\"query-input\":{\"@type\":\"PropertyValueSpecification\",\"valueRequired\":true,\"valueName\":\"search_term_string\"}}],\"inLanguage\":\"en-US\"},{\"@type\":\"Organization\",\"@id\":\"https:\\\/\\\/tabi.ee\\\/#organization\",\"name\":\"TABI Vannitoad\",\"url\":\"https:\\\/\\\/tabi.ee\\\/\",\"logo\":{\"@type\":\"ImageObject\",\"inLanguage\":\"en-US\",\"@id\":\"https:\\\/\\\/tabi.ee\\\/#\\\/schema\\\/logo\\\/image\\\/\",\"url\":\"https:\\\/\\\/tabi.ee\\\/wp-content\\\/uploads\\\/2021\\\/03\\\/tabi-logo-e1615975337818.png\",\"contentUrl\":\"https:\\\/\\\/tabi.ee\\\/wp-content\\\/uploads\\\/2021\\\/03\\\/tabi-logo-e1615975337818.png\",\"width\":300,\"height\":141,\"caption\":\"TABI Vannitoad\"},\"image\":{\"@id\":\"https:\\\/\\\/tabi.ee\\\/#\\\/schema\\\/logo\\\/image\\\/\"},\"sameAs\":[\"https:\\\/\\\/www.facebook.com\\\/TABI.vannitoad\\\/\",\"https:\\\/\\\/www.instagram.com\\\/tabi.vannitoad\\\/\",\"https:\\\/\\\/www.linkedin.com\\\/company\\\/80133787\\\/\",\"https:\\\/\\\/www.pinterest.es\\\/tabivannitoad\\\/\"]}]}<\/script>\n<!-- \/ Yoast SEO plugin. -->","yoast_head_json":{"title":"Rannar\u00e4tik Graccioza BEE WAFFLE (erinevad toonid) - Tabi vannitoad","description":"Luksuslikult pehme rannar\u00e4tik on valmistatud 100% puuvillast. P\u00e4ikese ja kloori suhtes vastupidav. V\u00e4rvid ei tuhmu! Vahvel r\u00e4tik.","robots":{"index":"index","follow":"follow","max-snippet":"max-snippet:-1","max-image-preview":"max-image-preview:large","max-video-preview":"max-video-preview:-1"},"canonical":"https:\/\/tabi.ee\/en\/toode\/rannaratik-graccioza-bee-waffle-erinevad-toonid\/","og_locale":"en_US","og_type":"article","og_title":"Rannar\u00e4tik Graccioza BEE WAFFLE (erinevad toonid) - Tabi vannitoad","og_description":"Luksuslikult pehme rannar\u00e4tik on valmistatud 100% puuvillast. P\u00e4ikese ja kloori suhtes vastupidav. V\u00e4rvid ei tuhmu! Vahvel r\u00e4tik.","og_url":"https:\/\/tabi.ee\/en\/toode\/rannaratik-graccioza-bee-waffle-erinevad-toonid\/","og_site_name":"Tabi vannitoad","article_publisher":"https:\/\/www.facebook.com\/TABI.vannitoad\/","og_image":[{"width":1920,"height":1920,"url":"https:\/\/tabi.ee\/wp-content\/uploads\/2022\/05\/rannaratik-bee-waffle-sun-kollane-1.jpg","type":"image\/jpeg"}],"twitter_card":"summary_large_image","twitter_misc":{"Est. reading time":"1 minute"},"schema":{"@context":"https:\/\/schema.org","@graph":[{"@type":"WebPage","@id":"https:\/\/tabi.ee\/en\/toode\/rannaratik-graccioza-bee-waffle-erinevad-toonid\/","url":"https:\/\/tabi.ee\/en\/toode\/rannaratik-graccioza-bee-waffle-erinevad-toonid\/","name":"Rannar\u00e4tik Graccioza BEE WAFFLE (erinevad toonid) - Tabi vannitoad","isPartOf":{"@id":"https:\/\/tabi.ee\/#website"},"primaryImageOfPage":{"@id":"https:\/\/tabi.ee\/en\/toode\/rannaratik-graccioza-bee-waffle-erinevad-toonid\/#primaryimage"},"image":{"@id":"https:\/\/tabi.ee\/en\/toode\/rannaratik-graccioza-bee-waffle-erinevad-toonid\/#primaryimage"},"thumbnailUrl":"https:\/\/tabi.ee\/wp-content\/uploads\/2022\/05\/rannaratik-bee-waffle-sun-kollane-1.jpg","datePublished":"2022-05-17T06:25:07+00:00","description":"Luksuslikult pehme rannar\u00e4tik on valmistatud 100% puuvillast. P\u00e4ikese ja kloori suhtes vastupidav. V\u00e4rvid ei tuhmu! Vahvel r\u00e4tik.","breadcrumb":{"@id":"https:\/\/tabi.ee\/en\/toode\/rannaratik-graccioza-bee-waffle-erinevad-toonid\/#breadcrumb"},"inLanguage":"en-US","potentialAction":[{"@type":"ReadAction","target":["https:\/\/tabi.ee\/en\/toode\/rannaratik-graccioza-bee-waffle-erinevad-toonid\/"]}]},{"@type":"ImageObject","inLanguage":"en-US","@id":"https:\/\/tabi.ee\/en\/toode\/rannaratik-graccioza-bee-waffle-erinevad-toonid\/#primaryimage","url":"https:\/\/tabi.ee\/wp-content\/uploads\/2022\/05\/rannaratik-bee-waffle-sun-kollane-1.jpg","contentUrl":"https:\/\/tabi.ee\/wp-content\/uploads\/2022\/05\/rannaratik-bee-waffle-sun-kollane-1.jpg","width":1920,"height":1920,"caption":"rannar\u00e4tik bee waffle sun kollane"},{"@type":"BreadcrumbList","@id":"https:\/\/tabi.ee\/en\/toode\/rannaratik-graccioza-bee-waffle-erinevad-toonid\/#breadcrumb","itemListElement":[{"@type":"ListItem","position":1,"name":"Home","item":"https:\/\/tabi.ee\/"},{"@type":"ListItem","position":2,"name":"Tabi e-pood","item":"https:\/\/tabi.ee\/pood\/"},{"@type":"ListItem","position":3,"name":"Rannar\u00e4tik Graccioza BEE WAFFLE (erinevad toonid)"}]},{"@type":"WebSite","@id":"https:\/\/tabi.ee\/#website","url":"https:\/\/tabi.ee\/","name":"Tabi vannitoad","description":"","publisher":{"@id":"https:\/\/tabi.ee\/#organization"},"potentialAction":[{"@type":"SearchAction","target":{"@type":"EntryPoint","urlTemplate":"https:\/\/tabi.ee\/?s={search_term_string}"},"query-input":{"@type":"PropertyValueSpecification","valueRequired":true,"valueName":"search_term_string"}}],"inLanguage":"en-US"},{"@type":"Organization","@id":"https:\/\/tabi.ee\/#organization","name":"TABI Vannitoad","url":"https:\/\/tabi.ee\/","logo":{"@type":"ImageObject","inLanguage":"en-US","@id":"https:\/\/tabi.ee\/#\/schema\/logo\/image\/","url":"https:\/\/tabi.ee\/wp-content\/uploads\/2021\/03\/tabi-logo-e1615975337818.png","contentUrl":"https:\/\/tabi.ee\/wp-content\/uploads\/2021\/03\/tabi-logo-e1615975337818.png","width":300,"height":141,"caption":"TABI Vannitoad"},"image":{"@id":"https:\/\/tabi.ee\/#\/schema\/logo\/image\/"},"sameAs":["https:\/\/www.facebook.com\/TABI.vannitoad\/","https:\/\/www.instagram.com\/tabi.vannitoad\/","https:\/\/www.linkedin.com\/company\/80133787\/","https:\/\/www.pinterest.es\/tabivannitoad\/"]}]}},"_links":{"self":[{"href":"https:\/\/tabi.ee\/en\/wp-json\/wp\/v2\/product\/20046","targetHints":{"allow":["GET"]}}],"collection":[{"href":"https:\/\/tabi.ee\/en\/wp-json\/wp\/v2\/product"}],"about":[{"href":"https:\/\/tabi.ee\/en\/wp-json\/wp\/v2\/types\/product"}],"replies":[{"embeddable":true,"href":"https:\/\/tabi.ee\/en\/wp-json\/wp\/v2\/comments?post=20046"}],"wp:featuredmedia":[{"embeddable":true,"href":"https:\/\/tabi.ee\/en\/wp-json\/wp\/v2\/media\/18362"}],"wp:attachment":[{"href":"https:\/\/tabi.ee\/en\/wp-json\/wp\/v2\/media?parent=20046"}],"wp:term":[{"taxonomy":"product_brand","embeddable":true,"href":"https:\/\/tabi.ee\/en\/wp-json\/wp\/v2\/product_brand?post=20046"},{"taxonomy":"product_cat","embeddable":true,"href":"https:\/\/tabi.ee\/en\/wp-json\/wp\/v2\/product_cat?post=20046"},{"taxonomy":"product_tag","embeddable":true,"href":"https:\/\/tabi.ee\/en\/wp-json\/wp\/v2\/product_tag?post=20046"}],"curies":[{"name":"wp","href":"https:\/\/api.w.org\/{rel}","templated":true}]}}