{"id":19841,"date":"2022-05-17T14:11:05","date_gmt":"2022-06-02T14:01:32","guid":{"rendered":"https:\/\/tabi.ee\/toode\/kivimass-valamu-naxani-latu\/"},"modified":"2022-06-02T17:01:32","modified_gmt":"2022-06-02T14:01:32","slug":"kivimass-valamu-naxani-latu-2","status":"publish","type":"product","link":"https:\/\/tabi.ee\/en\/toode\/kivimass-valamu-naxani-latu-2\/","title":{"rendered":"Kivimass valamu Naxani LATU"},"content":{"rendered":"<h1>Kivimass s\u00fcvistatud valamu Naxani LATU<\/h1>\n<p>&nbsp;<\/p>\n<p>Naxani Solid Surface kivimass valamu koosneb ligikaudu kahest kolmandikust alumiiniumh\u00fcdroksiidist, kolmandikust akr\u00fc\u00fclvaigust ja looduslikest pigmentidest. Materjali omadused on vannitoas kasutamiseks ideaalsed.<\/p>\n<ul>\n<li>Alumiiniumh\u00fcdroksiid annab tootele erilise tugevuse.<\/li>\n<li>Akr\u00fc\u00fclvaigu kvaliteet tagab puhtuse ja antibakteriaalse toime. Naxani Solid Surface on saanud Eurofinsi rahvusvahelise sertifikaadi.<\/li>\n<li>Toode on veekindel (mittepoorne) ja t\u00e4nu sellele p\u00fcsib pind muretult puhas ja seda on lihtne hooldada.<\/li>\n<li>V\u00e4rv p\u00fcsib l\u00e4bi aja, ei muutu kollaseks.<\/li>\n<li>Toote pind on m\u00f5nusalt soe ja siidine.<\/li>\n<li>Materjalid, mida on kasutatud valamute tootmisel on 100% taaskasutatavad ja on ka hiljem \u00fcmbert\u00f6\u00f6deldavad. Saab tootmists\u00fcklis kasutada uuesti ja uuesti.<\/li>\n<\/ul>\n<p>&nbsp;<\/p>\n<p><strong>LATU m\u00f5\u00f5dud:<\/strong><\/p>\n<p><strong>Valamu<\/strong><br \/>\nS\u00fcgavus 94 mm<br \/>\nLaius 450 mm<br \/>\nPikkus 280 mm<\/p>\n<p><strong>Tasapind<\/strong><br \/>\nK\u00f5rgus 12 mm<br \/>\nPikkus 515 mm<br \/>\nLaius 600; 700; 800; 830; 900; 910 mm \u2013 valamu asub tasapinnal keskel<br \/>\nLaius 1000; 1080; 1100; 1160; 1200; 1240; 1300; 1330; 1400; 1410; 1490; 1500 mm \u2013 valamu saab asuda tasapinna keskel, paremal v\u00f5i vasakul<br \/>\nLaius 1600; 1700; 1800; 1900; 2000 \u2013 valamu saab asuda tasapinnal pareaml v\u00f5i vasakul<\/p>\n<p>Kahe valamuga \u2013 1000; 1080; 1100; 1160; 1200; 1240; 1300; 1330; 1400; 1410; 1490; 1500 mm<\/p>\n<p><strong>Naxani s\u00fcvistatavad valamud sobivad Naxani valamukappidele.<\/strong><br \/>\nHind sisaldab valget p\u00f5hjaklappi &#8220;clic-clac&#8221;<\/p>\n<p>Tootja: <a href=\"https:\/\/www.naxani.com\/en\/\">Naxani<\/a>, Hispaania<\/p>\n<span class=\"et_bloom_bottom_trigger\"><\/span>","protected":false},"excerpt":{"rendered":"<ul>\n<li>Matt valge kivimass valamu<\/li>\n<li>Laius 600 &#8211; 2400 mm<\/li>\n<li>\u00dche v\u00f5i kahe valamuga<\/li>\n<li>Naxani s\u00fcvistatavad valamud sobivad Naxani valamukappidele<\/li>\n<\/ul>\n","protected":false},"featured_media":4175,"comment_status":"closed","ping_status":"closed","template":"","meta":{"_et_pb_use_builder":"","_et_pb_old_content":"","_et_gb_content_width":""},"product_brand":[],"product_cat":[],"product_tag":[],"class_list":{"0":"post-19841","1":"product","2":"type-product","3":"status-publish","4":"has-post-thumbnail","7":"first","8":"onbackorder","9":"taxable","10":"shipping-taxable","11":"purchasable","12":"product-type-variable"},"yoast_head":"<!-- This site is optimized with the Yoast SEO plugin v27.3 - https:\/\/yoast.com\/product\/yoast-seo-wordpress\/ -->\n<title>Kivimass valamu Naxani LATU - Tabi vannitoad<\/title>\n<meta name=\"description\" content=\"Kivimass valamu on v\u00e4ikse valamu osaga. Osadel suurustel on valamu saadaval kahekohalisena. Kivimass on lihtsasti hooldatav ja puhastatav.\" \/>\n<meta name=\"robots\" content=\"index, follow, max-snippet:-1, max-image-preview:large, max-video-preview:-1\" \/>\n<link rel=\"canonical\" href=\"https:\/\/tabi.ee\/en\/toode\/kivimass-valamu-naxani-latu-2\/\" \/>\n<meta property=\"og:locale\" content=\"en_US\" \/>\n<meta property=\"og:type\" content=\"article\" \/>\n<meta property=\"og:title\" content=\"Kivimass valamu Naxani LATU - Tabi vannitoad\" \/>\n<meta property=\"og:description\" content=\"Kivimass valamu on v\u00e4ikse valamu osaga. Osadel suurustel on valamu saadaval kahekohalisena. Kivimass on lihtsasti hooldatav ja puhastatav.\" \/>\n<meta property=\"og:url\" content=\"https:\/\/tabi.ee\/en\/toode\/kivimass-valamu-naxani-latu-2\/\" \/>\n<meta property=\"og:site_name\" content=\"Tabi vannitoad\" \/>\n<meta property=\"article:publisher\" content=\"https:\/\/www.facebook.com\/TABI.vannitoad\/\" \/>\n<meta property=\"og:image\" content=\"https:\/\/tabi.ee\/wp-content\/uploads\/2021\/05\/naxani-valamu-latu-lao.jpg\" \/>\n\t<meta property=\"og:image:width\" content=\"1030\" \/>\n\t<meta property=\"og:image:height\" content=\"708\" \/>\n\t<meta property=\"og:image:type\" content=\"image\/jpeg\" \/>\n<meta name=\"twitter:card\" content=\"summary_large_image\" \/>\n<meta name=\"twitter:label1\" content=\"Est. reading time\" \/>\n\t<meta name=\"twitter:data1\" content=\"1 minute\" \/>\n<script type=\"application\/ld+json\" class=\"yoast-schema-graph\">{\"@context\":\"https:\\\/\\\/schema.org\",\"@graph\":[{\"@type\":\"WebPage\",\"@id\":\"https:\\\/\\\/tabi.ee\\\/en\\\/toode\\\/kivimass-valamu-naxani-latu-2\\\/\",\"url\":\"https:\\\/\\\/tabi.ee\\\/en\\\/toode\\\/kivimass-valamu-naxani-latu-2\\\/\",\"name\":\"Kivimass valamu Naxani LATU - Tabi vannitoad\",\"isPartOf\":{\"@id\":\"https:\\\/\\\/tabi.ee\\\/#website\"},\"primaryImageOfPage\":{\"@id\":\"https:\\\/\\\/tabi.ee\\\/en\\\/toode\\\/kivimass-valamu-naxani-latu-2\\\/#primaryimage\"},\"image\":{\"@id\":\"https:\\\/\\\/tabi.ee\\\/en\\\/toode\\\/kivimass-valamu-naxani-latu-2\\\/#primaryimage\"},\"thumbnailUrl\":\"https:\\\/\\\/tabi.ee\\\/wp-content\\\/uploads\\\/2021\\\/05\\\/naxani-valamu-latu-lao.jpg\",\"datePublished\":\"2022-06-02T14:01:32+00:00\",\"description\":\"Kivimass valamu on v\u00e4ikse valamu osaga. Osadel suurustel on valamu saadaval kahekohalisena. Kivimass on lihtsasti hooldatav ja puhastatav.\",\"breadcrumb\":{\"@id\":\"https:\\\/\\\/tabi.ee\\\/en\\\/toode\\\/kivimass-valamu-naxani-latu-2\\\/#breadcrumb\"},\"inLanguage\":\"en-US\",\"potentialAction\":[{\"@type\":\"ReadAction\",\"target\":[\"https:\\\/\\\/tabi.ee\\\/en\\\/toode\\\/kivimass-valamu-naxani-latu-2\\\/\"]}]},{\"@type\":\"ImageObject\",\"inLanguage\":\"en-US\",\"@id\":\"https:\\\/\\\/tabi.ee\\\/en\\\/toode\\\/kivimass-valamu-naxani-latu-2\\\/#primaryimage\",\"url\":\"https:\\\/\\\/tabi.ee\\\/wp-content\\\/uploads\\\/2021\\\/05\\\/naxani-valamu-latu-lao.jpg\",\"contentUrl\":\"https:\\\/\\\/tabi.ee\\\/wp-content\\\/uploads\\\/2021\\\/05\\\/naxani-valamu-latu-lao.jpg\",\"width\":1030,\"height\":708,\"caption\":\"kivimass valamu naxani latu lao\"},{\"@type\":\"BreadcrumbList\",\"@id\":\"https:\\\/\\\/tabi.ee\\\/en\\\/toode\\\/kivimass-valamu-naxani-latu-2\\\/#breadcrumb\",\"itemListElement\":[{\"@type\":\"ListItem\",\"position\":1,\"name\":\"Home\",\"item\":\"https:\\\/\\\/tabi.ee\\\/\"},{\"@type\":\"ListItem\",\"position\":2,\"name\":\"Tabi e-pood\",\"item\":\"https:\\\/\\\/tabi.ee\\\/pood\\\/\"},{\"@type\":\"ListItem\",\"position\":3,\"name\":\"Kivimass valamu Naxani LATU\"}]},{\"@type\":\"WebSite\",\"@id\":\"https:\\\/\\\/tabi.ee\\\/#website\",\"url\":\"https:\\\/\\\/tabi.ee\\\/\",\"name\":\"Tabi vannitoad\",\"description\":\"\",\"publisher\":{\"@id\":\"https:\\\/\\\/tabi.ee\\\/#organization\"},\"potentialAction\":[{\"@type\":\"SearchAction\",\"target\":{\"@type\":\"EntryPoint\",\"urlTemplate\":\"https:\\\/\\\/tabi.ee\\\/?s={search_term_string}\"},\"query-input\":{\"@type\":\"PropertyValueSpecification\",\"valueRequired\":true,\"valueName\":\"search_term_string\"}}],\"inLanguage\":\"en-US\"},{\"@type\":\"Organization\",\"@id\":\"https:\\\/\\\/tabi.ee\\\/#organization\",\"name\":\"TABI Vannitoad\",\"url\":\"https:\\\/\\\/tabi.ee\\\/\",\"logo\":{\"@type\":\"ImageObject\",\"inLanguage\":\"en-US\",\"@id\":\"https:\\\/\\\/tabi.ee\\\/#\\\/schema\\\/logo\\\/image\\\/\",\"url\":\"https:\\\/\\\/tabi.ee\\\/wp-content\\\/uploads\\\/2021\\\/03\\\/tabi-logo-e1615975337818.png\",\"contentUrl\":\"https:\\\/\\\/tabi.ee\\\/wp-content\\\/uploads\\\/2021\\\/03\\\/tabi-logo-e1615975337818.png\",\"width\":300,\"height\":141,\"caption\":\"TABI Vannitoad\"},\"image\":{\"@id\":\"https:\\\/\\\/tabi.ee\\\/#\\\/schema\\\/logo\\\/image\\\/\"},\"sameAs\":[\"https:\\\/\\\/www.facebook.com\\\/TABI.vannitoad\\\/\",\"https:\\\/\\\/www.instagram.com\\\/tabi.vannitoad\\\/\",\"https:\\\/\\\/www.linkedin.com\\\/company\\\/80133787\\\/\",\"https:\\\/\\\/www.pinterest.es\\\/tabivannitoad\\\/\"]}]}<\/script>\n<!-- \/ Yoast SEO plugin. -->","yoast_head_json":{"title":"Kivimass valamu Naxani LATU - Tabi vannitoad","description":"Kivimass valamu on v\u00e4ikse valamu osaga. Osadel suurustel on valamu saadaval kahekohalisena. Kivimass on lihtsasti hooldatav ja puhastatav.","robots":{"index":"index","follow":"follow","max-snippet":"max-snippet:-1","max-image-preview":"max-image-preview:large","max-video-preview":"max-video-preview:-1"},"canonical":"https:\/\/tabi.ee\/en\/toode\/kivimass-valamu-naxani-latu-2\/","og_locale":"en_US","og_type":"article","og_title":"Kivimass valamu Naxani LATU - Tabi vannitoad","og_description":"Kivimass valamu on v\u00e4ikse valamu osaga. Osadel suurustel on valamu saadaval kahekohalisena. Kivimass on lihtsasti hooldatav ja puhastatav.","og_url":"https:\/\/tabi.ee\/en\/toode\/kivimass-valamu-naxani-latu-2\/","og_site_name":"Tabi vannitoad","article_publisher":"https:\/\/www.facebook.com\/TABI.vannitoad\/","og_image":[{"width":1030,"height":708,"url":"https:\/\/tabi.ee\/wp-content\/uploads\/2021\/05\/naxani-valamu-latu-lao.jpg","type":"image\/jpeg"}],"twitter_card":"summary_large_image","twitter_misc":{"Est. reading time":"1 minute"},"schema":{"@context":"https:\/\/schema.org","@graph":[{"@type":"WebPage","@id":"https:\/\/tabi.ee\/en\/toode\/kivimass-valamu-naxani-latu-2\/","url":"https:\/\/tabi.ee\/en\/toode\/kivimass-valamu-naxani-latu-2\/","name":"Kivimass valamu Naxani LATU - Tabi vannitoad","isPartOf":{"@id":"https:\/\/tabi.ee\/#website"},"primaryImageOfPage":{"@id":"https:\/\/tabi.ee\/en\/toode\/kivimass-valamu-naxani-latu-2\/#primaryimage"},"image":{"@id":"https:\/\/tabi.ee\/en\/toode\/kivimass-valamu-naxani-latu-2\/#primaryimage"},"thumbnailUrl":"https:\/\/tabi.ee\/wp-content\/uploads\/2021\/05\/naxani-valamu-latu-lao.jpg","datePublished":"2022-06-02T14:01:32+00:00","description":"Kivimass valamu on v\u00e4ikse valamu osaga. Osadel suurustel on valamu saadaval kahekohalisena. Kivimass on lihtsasti hooldatav ja puhastatav.","breadcrumb":{"@id":"https:\/\/tabi.ee\/en\/toode\/kivimass-valamu-naxani-latu-2\/#breadcrumb"},"inLanguage":"en-US","potentialAction":[{"@type":"ReadAction","target":["https:\/\/tabi.ee\/en\/toode\/kivimass-valamu-naxani-latu-2\/"]}]},{"@type":"ImageObject","inLanguage":"en-US","@id":"https:\/\/tabi.ee\/en\/toode\/kivimass-valamu-naxani-latu-2\/#primaryimage","url":"https:\/\/tabi.ee\/wp-content\/uploads\/2021\/05\/naxani-valamu-latu-lao.jpg","contentUrl":"https:\/\/tabi.ee\/wp-content\/uploads\/2021\/05\/naxani-valamu-latu-lao.jpg","width":1030,"height":708,"caption":"kivimass valamu naxani latu lao"},{"@type":"BreadcrumbList","@id":"https:\/\/tabi.ee\/en\/toode\/kivimass-valamu-naxani-latu-2\/#breadcrumb","itemListElement":[{"@type":"ListItem","position":1,"name":"Home","item":"https:\/\/tabi.ee\/"},{"@type":"ListItem","position":2,"name":"Tabi e-pood","item":"https:\/\/tabi.ee\/pood\/"},{"@type":"ListItem","position":3,"name":"Kivimass valamu Naxani LATU"}]},{"@type":"WebSite","@id":"https:\/\/tabi.ee\/#website","url":"https:\/\/tabi.ee\/","name":"Tabi vannitoad","description":"","publisher":{"@id":"https:\/\/tabi.ee\/#organization"},"potentialAction":[{"@type":"SearchAction","target":{"@type":"EntryPoint","urlTemplate":"https:\/\/tabi.ee\/?s={search_term_string}"},"query-input":{"@type":"PropertyValueSpecification","valueRequired":true,"valueName":"search_term_string"}}],"inLanguage":"en-US"},{"@type":"Organization","@id":"https:\/\/tabi.ee\/#organization","name":"TABI Vannitoad","url":"https:\/\/tabi.ee\/","logo":{"@type":"ImageObject","inLanguage":"en-US","@id":"https:\/\/tabi.ee\/#\/schema\/logo\/image\/","url":"https:\/\/tabi.ee\/wp-content\/uploads\/2021\/03\/tabi-logo-e1615975337818.png","contentUrl":"https:\/\/tabi.ee\/wp-content\/uploads\/2021\/03\/tabi-logo-e1615975337818.png","width":300,"height":141,"caption":"TABI Vannitoad"},"image":{"@id":"https:\/\/tabi.ee\/#\/schema\/logo\/image\/"},"sameAs":["https:\/\/www.facebook.com\/TABI.vannitoad\/","https:\/\/www.instagram.com\/tabi.vannitoad\/","https:\/\/www.linkedin.com\/company\/80133787\/","https:\/\/www.pinterest.es\/tabivannitoad\/"]}]}},"_links":{"self":[{"href":"https:\/\/tabi.ee\/en\/wp-json\/wp\/v2\/product\/19841","targetHints":{"allow":["GET"]}}],"collection":[{"href":"https:\/\/tabi.ee\/en\/wp-json\/wp\/v2\/product"}],"about":[{"href":"https:\/\/tabi.ee\/en\/wp-json\/wp\/v2\/types\/product"}],"replies":[{"embeddable":true,"href":"https:\/\/tabi.ee\/en\/wp-json\/wp\/v2\/comments?post=19841"}],"wp:featuredmedia":[{"embeddable":true,"href":"https:\/\/tabi.ee\/en\/wp-json\/wp\/v2\/media\/4175"}],"wp:attachment":[{"href":"https:\/\/tabi.ee\/en\/wp-json\/wp\/v2\/media?parent=19841"}],"wp:term":[{"taxonomy":"product_brand","embeddable":true,"href":"https:\/\/tabi.ee\/en\/wp-json\/wp\/v2\/product_brand?post=19841"},{"taxonomy":"product_cat","embeddable":true,"href":"https:\/\/tabi.ee\/en\/wp-json\/wp\/v2\/product_cat?post=19841"},{"taxonomy":"product_tag","embeddable":true,"href":"https:\/\/tabi.ee\/en\/wp-json\/wp\/v2\/product_tag?post=19841"}],"curies":[{"name":"wp","href":"https:\/\/api.w.org\/{rel}","templated":true}]}}